{"id":2988,"date":"2023-05-06T22:11:40","date_gmt":"2023-05-06T20:11:40","guid":{"rendered":"https:\/\/rentacar-zurich.ch\/imprint\/"},"modified":"2023-12-18T14:52:14","modified_gmt":"2023-12-18T13:52:14","slug":"imprint","status":"publish","type":"page","link":"https:\/\/rentacar-zurich.ch\/en\/imprint\/","title":{"rendered":"Imprint"},"content":{"rendered":"<p><div class=\"fusion-fullwidth fullwidth-box fusion-builder-row-1 fusion-flex-container nonhundred-percent-fullwidth non-hundred-percent-height-scrolling\" style=\"--awb-border-radius-top-left:0px;--awb-border-radius-top-right:0px;--awb-border-radius-bottom-right:0px;--awb-border-radius-bottom-left:0px;--awb-margin-bottom:110px;--awb-margin-bottom-small:0px;--awb-flex-wrap:wrap;\" ><div class=\"fusion-builder-row fusion-row fusion-flex-align-items-flex-start fusion-flex-content-wrap\" style=\"max-width:1445.6px;margin-left: calc(-4% \/ 2 );margin-right: calc(-4% \/ 2 );\"><div class=\"fusion-layout-column fusion_builder_column fusion-builder-column-0 fusion_builder_column_1_1 1_1 fusion-flex-column\" style=\"--awb-padding-right:20px;--awb-padding-left:20px;--awb-padding-top-medium:0px;--awb-padding-top-small:0px;--awb-bg-size:cover;--awb-width-large:100%;--awb-margin-top-large:0px;--awb-spacing-right-large:1.92%;--awb-margin-bottom-large:0px;--awb-spacing-left-large:1.92%;--awb-width-medium:100%;--awb-order-medium:0;--awb-spacing-right-medium:1.92%;--awb-spacing-left-medium:1.92%;--awb-width-small:100%;--awb-order-small:0;--awb-margin-top-small:30px;--awb-spacing-right-small:1.92%;--awb-spacing-left-small:1.92%;\"><div class=\"fusion-column-wrapper fusion-column-has-shadow fusion-flex-justify-content-flex-start fusion-content-layout-column\"><div class=\"fusion-title title fusion-title-1 fusion-sep-none fusion-title-text fusion-title-size-two\" style=\"--awb-margin-bottom:30px;\"><h2 class=\"fusion-title-heading title-heading-left\" style=\"margin:0;text-transform:none;\">Imprint<\/h2><\/div><div class=\"fusion-text fusion-text-1\"><p>Tuchmacherstrasse 36 | 8041 Zurich<br \/>\nTel: +41 (0) 78 631 43 20<br \/>\nMail: &#105;&#x6e;&#102;&#x6f;&#64;&#x72;&#101;&#x6e;t&#x61;c&#x61;r&#x2d;z&#117;&#x72;&#105;&#x63;&#104;&#x2e;&#99;&#x68;<\/p>\n<\/div><\/div><\/div><\/div><\/div><div class=\"fusion-fullwidth fullwidth-box fusion-builder-row-2 fusion-flex-container has-mask-background fusion-parallax-none nonhundred-percent-fullwidth non-hundred-percent-height-scrolling lazyload\" style=\"--awb-background-position:center top;--awb-background-blend-mode:lighten;--awb-border-radius-top-left:0px;--awb-border-radius-top-right:0px;--awb-border-radius-bottom-right:0px;--awb-border-radius-bottom-left:0px;--awb-padding-top:95px;--awb-padding-bottom:20px;--awb-margin-top:100px;--awb-margin-top-small:0px;--awb-background-color:var(--awb-color7);--awb-background-size:cover;--awb-flex-wrap:wrap;\" data-bg=\"https:\/\/rentacar-zurich.ch\/wp-content\/uploads\/2022\/02\/dark-content-bg-car1.png\" ><div class=\"awb-background-mask\" style=\"background-image:  url(data:image\/svg+xml;utf8,%3Csvg%20width%3D%221920%22%20height%3D%22954%22%20fill%3D%22none%22%20xmlns%3D%22http%3A%2F%2Fwww.w3.org%2F2000%2Fsvg%22%3E%3Cg%20clip-path%3D%22url%28%23prefix__clip0_75_23031%29%22%20fill%3D%22rgba%2835%2C100%2C196%2C1%29%22%3E%3Cpath%20d%3D%22M1321.57%20538C1357.08%20287.516%201273.7%2089.91%201127-.418L1374.18-6c65.77%20100.68-15.89%20431.512-52.61%20544zM312%20955c432.242%200%20746.77-180.667%20850-271-90.34%20157.09-176.766%20246.121-208.688%20271H312z%22%20fill%3D%22rgba%28255%2C255%2C255%2C1%29%22%20fill-opacity%3D%22.25%22%2F%3E%3Cpath%20d%3D%22M1344.5%20427c0-252.4-212.67-390.833-319-428.5H1373c70%2082.4%2010.17%20320-28.5%20428.5z%22%20fill%3D%22rgba%28255%2C255%2C255%2C1%29%22%20fill-opacity%3D%22.1%22%2F%3E%3Cpath%20fill-rule%3D%22evenodd%22%20clip-rule%3D%22evenodd%22%20d%3D%22M839.644%20954C1138.37%20793.549%201337%20508.902%201337%20184.5c0-63.218-7.54-124.926-21.9-184.5H1920v954H839.644zm0%200C676.842%201041.44%20484.311%201092%20278%201092c-584.87%200-1059-406.302-1059-907.5S-306.87-723%20278-723c511.098%200%20937.63%20310.269%201037.1%20723H0v954h839.644z%22%20fill%3D%22rgba%28255%2C255%2C255%2C1%29%22%20fill-opacity%3D%22.5%22%2F%3E%3Cpath%20fill-rule%3D%22evenodd%22%20clip-rule%3D%22evenodd%22%20d%3D%22M1011.55%20954C1221.42%20793.95%201353%20564.007%201353%20308.5c0-108.584-23.76-212.552-67.2-308.5H1920v954h-908.45zm0%200c-187.291%20142.83-436.933%20230-711.05%20230C-280.78%201184-752%20792.025-752%20308.5S-280.78-567%20300.5-567c450.743%200%20835.31%20235.692%20985.3%20567H0v954h1011.55z%22%2F%3E%3C%2Fg%3E%3Cdefs%3E%3CclipPath%20id%3D%22prefix__clip0_75_23031%22%3E%3Cpath%20fill%3D%22%23fff%22%20d%3D%22M0%200h1920v954H0z%22%2F%3E%3C%2FclipPath%3E%3C%2Fdefs%3E%3C%2Fsvg%3E);opacity: 0.08 ;transform: scale(-1, 1);\"><\/div><div class=\"fusion-builder-row fusion-row fusion-flex-align-items-flex-start fusion-flex-justify-content-center fusion-flex-content-wrap\" style=\"max-width:1445.6px;margin-left: calc(-4% \/ 2 );margin-right: calc(-4% \/ 2 );\"><div class=\"fusion-layout-column fusion_builder_column fusion-builder-column-1 fusion_builder_column_5_6 5_6 fusion-flex-column\" style=\"--awb-padding-bottom:25px;--awb-bg-size:cover;--awb-width-large:83.333333333333%;--awb-margin-top-large:0px;--awb-spacing-right-large:2.304%;--awb-margin-bottom-large:0px;--awb-spacing-left-large:2.304%;--awb-width-medium:100%;--awb-order-medium:0;--awb-spacing-right-medium:1.92%;--awb-spacing-left-medium:1.92%;--awb-width-small:100%;--awb-order-small:0;--awb-spacing-right-small:1.92%;--awb-spacing-left-small:1.92%;\"><div class=\"fusion-column-wrapper fusion-column-has-shadow fusion-flex-justify-content-flex-start fusion-content-layout-column\"><div class=\"fusion-image-element \" style=\"text-align:center;--awb-max-width:67px;--awb-caption-title-font-family:var(--h2_typography-font-family);--awb-caption-title-font-weight:var(--h2_typography-font-weight);--awb-caption-title-font-style:var(--h2_typography-font-style);--awb-caption-title-size:var(--h2_typography-font-size);--awb-caption-title-transform:var(--h2_typography-text-transform);--awb-caption-title-line-height:var(--h2_typography-line-height);--awb-caption-title-letter-spacing:var(--h2_typography-letter-spacing);\"><span class=\" fusion-imageframe imageframe-none imageframe-1 hover-type-none\"><img decoding=\"async\" width=\"1659\" height=\"443\" title=\"rentacar-zurich-white\" src=\"https:\/\/rentacar-zurich.ch\/wp-content\/uploads\/2023\/05\/rentacar-zurich-white.png\" data-orig-src=\"https:\/\/rentacar-zurich.ch\/wp-content\/uploads\/2023\/05\/rentacar-zurich-white.png\" alt class=\"lazyload img-responsive wp-image-2927\" srcset=\"data:image\/svg+xml,%3Csvg%20xmlns%3D%27http%3A%2F%2Fwww.w3.org%2F2000%2Fsvg%27%20width%3D%271659%27%20height%3D%27443%27%20viewBox%3D%270%200%201659%20443%27%3E%3Crect%20width%3D%271659%27%20height%3D%27443%27%20fill-opacity%3D%220%22%2F%3E%3C%2Fsvg%3E\" data-srcset=\"https:\/\/rentacar-zurich.ch\/wp-content\/uploads\/2023\/05\/rentacar-zurich-white-200x53.png 200w, https:\/\/rentacar-zurich.ch\/wp-content\/uploads\/2023\/05\/rentacar-zurich-white-400x107.png 400w, https:\/\/rentacar-zurich.ch\/wp-content\/uploads\/2023\/05\/rentacar-zurich-white-600x160.png 600w, https:\/\/rentacar-zurich.ch\/wp-content\/uploads\/2023\/05\/rentacar-zurich-white-800x214.png 800w, https:\/\/rentacar-zurich.ch\/wp-content\/uploads\/2023\/05\/rentacar-zurich-white-1200x320.png 1200w, https:\/\/rentacar-zurich.ch\/wp-content\/uploads\/2023\/05\/rentacar-zurich-white.png 1659w\" data-sizes=\"auto\" data-orig-sizes=\"(max-width: 800px) 100vw, 1200px\" \/><\/span><\/div><div class=\"fusion-title title fusion-title-2 fusion-sep-none fusion-title-center fusion-title-text fusion-title-size-two\" style=\"--awb-text-color:var(--awb-color1);--awb-margin-top:20px;--awb-margin-bottom:25px;\"><h2 class=\"fusion-title-heading title-heading-center\" style=\"margin:0;text-transform:none;\">Services<\/h2><\/div><div class=\"fusion-text fusion-text-2 fusion-text-no-margin\" style=\"--awb-content-alignment:center;--awb-font-size:23px;--awb-line-height:var(--awb-typography2-line-height);--awb-letter-spacing:var(--awb-typography2-letter-spacing);--awb-text-transform:var(--awb-typography2-text-transform);--awb-text-color:hsla(var(--awb-color1-h),var(--awb-color1-s),var(--awb-color1-l),calc(var(--awb-color1-a) - 25%));--awb-margin-bottom:80px;--awb-text-font-family:var(--awb-typography2-font-family);--awb-text-font-weight:var(--awb-typography2-font-weight);--awb-text-font-style:var(--awb-typography2-font-style);\"><p>Wenn Sie ein Auto mieten m\u00f6chten, gibt es eine Vielzahl von Services, die Ihnen helfen k\u00f6nnen, das beste Angebot zu finden und den Vorgang so einfach und stressfrei wie m\u00f6glich zu gestalten. Hier sind einige Services, die Ihnen bei der Autovermietung helfen k\u00f6nnen<\/p>\n<\/div><div class=\"fusion-builder-row fusion-builder-row-inner fusion-row fusion-flex-align-items-flex-start fusion-flex-justify-content-center fusion-flex-content-wrap\" style=\"width:104% !important;max-width:104% !important;margin-left: calc(-4% \/ 2 );margin-right: calc(-4% \/ 2 );\"><div class=\"fusion-layout-column fusion_builder_column_inner fusion-builder-nested-column-0 fusion_builder_column_inner_1_2 1_2 fusion-flex-column\" style=\"--awb-bg-size:cover;--awb-width-large:50%;--awb-margin-top-large:0px;--awb-spacing-right-large:3.84%;--awb-margin-bottom-large:0px;--awb-spacing-left-large:3.84%;--awb-width-medium:50%;--awb-order-medium:0;--awb-spacing-right-medium:3.84%;--awb-spacing-left-medium:3.84%;--awb-width-small:100%;--awb-order-small:0;--awb-spacing-right-small:1.92%;--awb-spacing-left-small:1.92%;\"><div class=\"fusion-column-wrapper fusion-column-has-shadow fusion-flex-justify-content-flex-start fusion-content-layout-column\"><div class=\"fusion-content-boxes content-boxes columns row fusion-columns-1 fusion-columns-total-1 fusion-content-boxes-1 content-boxes-icon-on-side content-left\" style=\"--awb-body-color:hsla(var(--awb-color1-h),var(--awb-color1-s),var(--awb-color1-l),calc(var(--awb-color1-a) - 25%));--awb-title-color:var(--awb-color1);--awb-iconcolor:var(--awb-color1);--awb-hover-accent-color:hsla(var(--awb-color4-h),var(--awb-color4-s),calc(var(--awb-color4-l) + 10%),var(--awb-color4-a));--awb-circle-hover-accent-color:hsla(var(--awb-color4-h),var(--awb-color4-s),calc(var(--awb-color4-l) + 10%),var(--awb-color4-a));--awb-item-margin-bottom:40px;\" data-animationOffset=\"top-into-view\"><div style=\"--awb-backgroundcolor:hsla(var(--awb-color1-h),var(--awb-color1-s),var(--awb-color1-l),calc(var(--awb-color1-a) - 100%));--awb-iconcolor:var(--awb-color1);--awb-content-padding-left:112px;\" class=\"fusion-column content-box-column content-box-column content-box-column-1 col-lg-12 col-md-12 col-sm-12 fusion-content-box-hover content-box-column-last content-box-column-last-in-row\"><div class=\"col content-box-wrapper content-wrapper link-area-link-icon icon-hover-animation-fade\" data-animationOffset=\"top-into-view\"><div class=\"heading heading-with-icon icon-left\"><div class=\"icon\"><i style=\"border-color:var(--awb-color8);border-width:0px;background-color:var(--awb-color5);box-sizing:content-box;height:92px;width:92px;line-height:92px;border-radius:50%;font-size:46px;\" aria-hidden=\"true\" class=\"fontawesome-icon awb-cardealership-car-business circle-yes\"><\/i><\/div><h5 class=\"content-box-heading\" style=\"--h5_typography-font-size:24px;line-height:29px;padding-left:112px;\">Flexible &amp; Langzeitmiete<\/h5><\/div><div class=\"fusion-clearfix\"><\/div><div class=\"content-container\">\n<p>Eine flexible Langzeitmiete f\u00fcr Kunden, die ein Auto f\u00fcr einen l\u00e4ngeren Zeitraum ben\u00f6tigen.<\/p>\n<\/div><\/div><\/div><div class=\"fusion-clearfix\"><\/div><\/div><\/div><\/div><div class=\"fusion-layout-column fusion_builder_column_inner fusion-builder-nested-column-1 fusion_builder_column_inner_1_2 1_2 fusion-flex-column\" style=\"--awb-padding-left-small:0px;--awb-bg-size:cover;--awb-width-large:50%;--awb-margin-top-large:0px;--awb-spacing-right-large:3.84%;--awb-margin-bottom-large:0px;--awb-spacing-left-large:3.84%;--awb-width-medium:50%;--awb-order-medium:0;--awb-spacing-right-medium:3.84%;--awb-spacing-left-medium:3.84%;--awb-width-small:100%;--awb-order-small:0;--awb-margin-top-small:0px;--awb-spacing-right-small:1.92%;--awb-spacing-left-small:1.92%;\"><div class=\"fusion-column-wrapper fusion-column-has-shadow fusion-flex-justify-content-space-between fusion-content-layout-column\"><div class=\"fusion-content-boxes content-boxes columns row fusion-columns-1 fusion-columns-total-1 fusion-content-boxes-2 content-boxes-icon-on-side content-left\" style=\"--awb-body-color:hsla(var(--awb-color1-h),var(--awb-color1-s),var(--awb-color1-l),calc(var(--awb-color1-a) - 25%));--awb-title-color:var(--awb-color1);--awb-iconcolor:var(--awb-color1);--awb-hover-accent-color:hsla(var(--awb-color4-h),var(--awb-color4-s),calc(var(--awb-color4-l) + 10%),var(--awb-color4-a));--awb-circle-hover-accent-color:hsla(var(--awb-color4-h),var(--awb-color4-s),calc(var(--awb-color4-l) + 10%),var(--awb-color4-a));--awb-item-margin-bottom:40px;\" data-animationOffset=\"top-into-view\"><div style=\"--awb-backgroundcolor:hsla(var(--awb-color1-h),var(--awb-color1-s),var(--awb-color1-l),calc(var(--awb-color1-a) - 100%));--awb-iconcolor:var(--awb-color1);--awb-content-padding-left:112px;\" class=\"fusion-column content-box-column content-box-column content-box-column-1 col-lg-12 col-md-12 col-sm-12 fusion-content-box-hover content-box-column-last content-box-column-last-in-row\"><div class=\"col content-box-wrapper content-wrapper link-area-link-icon icon-hover-animation-fade\" data-animationOffset=\"top-into-view\"><div class=\"heading heading-with-icon icon-left\"><div class=\"icon\"><i style=\"border-color:var(--awb-color8);border-width:0px;background-color:var(--awb-color5);box-sizing:content-box;height:92px;width:92px;line-height:92px;border-radius:50%;font-size:46px;\" aria-hidden=\"true\" class=\"fontawesome-icon awb-cardealership-big-saving circle-yes\"><\/i><\/div><h5 class=\"content-box-heading\" style=\"--h5_typography-font-size:24px;line-height:29px;padding-left:112px;\">Angebote<\/h5><\/div><div class=\"fusion-clearfix\"><\/div><div class=\"content-container\">\n<p>Fahrzeuge zu g\u00fcnstigen Preisen f\u00fcr Familien oder Gruppenreisen.<\/p>\n<\/div><\/div><\/div><div class=\"fusion-clearfix\"><\/div><\/div><\/div><\/div><\/div><\/div><\/div><\/div><\/div>\n<\/p>\n","protected":false},"excerpt":{"rendered":"","protected":false},"author":1,"featured_media":0,"parent":0,"menu_order":0,"comment_status":"closed","ping_status":"closed","template":"100-width.php","meta":{"_acf_changed":false,"footnotes":""},"class_list":["post-2988","page","type-page","status-publish","hentry"],"acf":[],"yoast_head":"<!-- This site is optimized with the Yoast SEO plugin v27.4 - https:\/\/yoast.com\/product\/yoast-seo-wordpress\/ -->\n<title>Imprint - Rent a Car Z\u00fcrich<\/title>\n<meta name=\"robots\" content=\"index, follow, max-snippet:-1, max-image-preview:large, max-video-preview:-1\" \/>\n<link rel=\"canonical\" href=\"https:\/\/rentacar-zurich.ch\/en\/imprint\/\" \/>\n<meta property=\"og:locale\" content=\"en_US\" \/>\n<meta property=\"og:type\" content=\"article\" \/>\n<meta property=\"og:title\" content=\"Imprint - Rent a Car Z\u00fcrich\" \/>\n<meta property=\"og:url\" content=\"https:\/\/rentacar-zurich.ch\/en\/imprint\/\" \/>\n<meta property=\"og:site_name\" content=\"Rent a Car Z\u00fcrich\" \/>\n<meta property=\"article:modified_time\" content=\"2023-12-18T13:52:14+00:00\" \/>\n<meta property=\"og:image\" content=\"https:\/\/rentacar-zurich.ch\/wp-content\/uploads\/2023\/05\/rentacar.jpg\" \/>\n\t<meta property=\"og:image:width\" content=\"1900\" \/>\n\t<meta property=\"og:image:height\" content=\"825\" \/>\n\t<meta property=\"og:image:type\" content=\"image\/jpeg\" \/>\n<meta name=\"twitter:card\" content=\"summary_large_image\" \/>\n<meta name=\"twitter:label1\" content=\"Est. reading time\" \/>\n\t<meta name=\"twitter:data1\" content=\"2 minutes\" \/>\n<script type=\"application\/ld+json\" class=\"yoast-schema-graph\">{\"@context\":\"https:\\\/\\\/schema.org\",\"@graph\":[{\"@type\":\"WebPage\",\"@id\":\"https:\\\/\\\/rentacar-zurich.ch\\\/en\\\/imprint\\\/\",\"url\":\"https:\\\/\\\/rentacar-zurich.ch\\\/en\\\/imprint\\\/\",\"name\":\"Imprint - Rent a Car Z\u00fcrich\",\"isPartOf\":{\"@id\":\"https:\\\/\\\/rentacar-zurich.ch\\\/en\\\/#website\"},\"datePublished\":\"2023-05-06T20:11:40+00:00\",\"dateModified\":\"2023-12-18T13:52:14+00:00\",\"breadcrumb\":{\"@id\":\"https:\\\/\\\/rentacar-zurich.ch\\\/en\\\/imprint\\\/#breadcrumb\"},\"inLanguage\":\"en-US\",\"potentialAction\":[{\"@type\":\"ReadAction\",\"target\":[\"https:\\\/\\\/rentacar-zurich.ch\\\/en\\\/imprint\\\/\"]}]},{\"@type\":\"BreadcrumbList\",\"@id\":\"https:\\\/\\\/rentacar-zurich.ch\\\/en\\\/imprint\\\/#breadcrumb\",\"itemListElement\":[{\"@type\":\"ListItem\",\"position\":1,\"name\":\"Startseite\",\"item\":\"https:\\\/\\\/rentacar-zurich.ch\\\/en\\\/home\\\/\"},{\"@type\":\"ListItem\",\"position\":2,\"name\":\"Imprint\"}]},{\"@type\":\"WebSite\",\"@id\":\"https:\\\/\\\/rentacar-zurich.ch\\\/en\\\/#website\",\"url\":\"https:\\\/\\\/rentacar-zurich.ch\\\/en\\\/\",\"name\":\"Rent a Car Z\u00fcrich\",\"description\":\"Die Z\u00fcricher Autovermietung Ihres Vertrauens\",\"publisher\":{\"@id\":\"https:\\\/\\\/rentacar-zurich.ch\\\/en\\\/#organization\"},\"potentialAction\":[{\"@type\":\"SearchAction\",\"target\":{\"@type\":\"EntryPoint\",\"urlTemplate\":\"https:\\\/\\\/rentacar-zurich.ch\\\/en\\\/?s={search_term_string}\"},\"query-input\":{\"@type\":\"PropertyValueSpecification\",\"valueRequired\":true,\"valueName\":\"search_term_string\"}}],\"inLanguage\":\"en-US\"},{\"@type\":\"Organization\",\"@id\":\"https:\\\/\\\/rentacar-zurich.ch\\\/en\\\/#organization\",\"name\":\"Rent a Car Z\u00fcrich\",\"url\":\"https:\\\/\\\/rentacar-zurich.ch\\\/en\\\/\",\"logo\":{\"@type\":\"ImageObject\",\"inLanguage\":\"en-US\",\"@id\":\"https:\\\/\\\/rentacar-zurich.ch\\\/en\\\/#\\\/schema\\\/logo\\\/image\\\/\",\"url\":\"https:\\\/\\\/rentacar-zurich.ch\\\/wp-content\\\/uploads\\\/2023\\\/05\\\/rentacar-zurich.png\",\"contentUrl\":\"https:\\\/\\\/rentacar-zurich.ch\\\/wp-content\\\/uploads\\\/2023\\\/05\\\/rentacar-zurich.png\",\"width\":1659,\"height\":443,\"caption\":\"Rent a Car Z\u00fcrich\"},\"image\":{\"@id\":\"https:\\\/\\\/rentacar-zurich.ch\\\/en\\\/#\\\/schema\\\/logo\\\/image\\\/\"}}]}<\/script>\n<!-- \/ Yoast SEO plugin. -->","yoast_head_json":{"title":"Imprint - Rent a Car Z\u00fcrich","robots":{"index":"index","follow":"follow","max-snippet":"max-snippet:-1","max-image-preview":"max-image-preview:large","max-video-preview":"max-video-preview:-1"},"canonical":"https:\/\/rentacar-zurich.ch\/en\/imprint\/","og_locale":"en_US","og_type":"article","og_title":"Imprint - Rent a Car Z\u00fcrich","og_url":"https:\/\/rentacar-zurich.ch\/en\/imprint\/","og_site_name":"Rent a Car Z\u00fcrich","article_modified_time":"2023-12-18T13:52:14+00:00","og_image":[{"width":1900,"height":825,"url":"https:\/\/rentacar-zurich.ch\/wp-content\/uploads\/2023\/05\/rentacar.jpg","type":"image\/jpeg"}],"twitter_card":"summary_large_image","twitter_misc":{"Est. reading time":"2 minutes"},"schema":{"@context":"https:\/\/schema.org","@graph":[{"@type":"WebPage","@id":"https:\/\/rentacar-zurich.ch\/en\/imprint\/","url":"https:\/\/rentacar-zurich.ch\/en\/imprint\/","name":"Imprint - Rent a Car Z\u00fcrich","isPartOf":{"@id":"https:\/\/rentacar-zurich.ch\/en\/#website"},"datePublished":"2023-05-06T20:11:40+00:00","dateModified":"2023-12-18T13:52:14+00:00","breadcrumb":{"@id":"https:\/\/rentacar-zurich.ch\/en\/imprint\/#breadcrumb"},"inLanguage":"en-US","potentialAction":[{"@type":"ReadAction","target":["https:\/\/rentacar-zurich.ch\/en\/imprint\/"]}]},{"@type":"BreadcrumbList","@id":"https:\/\/rentacar-zurich.ch\/en\/imprint\/#breadcrumb","itemListElement":[{"@type":"ListItem","position":1,"name":"Startseite","item":"https:\/\/rentacar-zurich.ch\/en\/home\/"},{"@type":"ListItem","position":2,"name":"Imprint"}]},{"@type":"WebSite","@id":"https:\/\/rentacar-zurich.ch\/en\/#website","url":"https:\/\/rentacar-zurich.ch\/en\/","name":"Rent a Car Z\u00fcrich","description":"Die Z\u00fcricher Autovermietung Ihres Vertrauens","publisher":{"@id":"https:\/\/rentacar-zurich.ch\/en\/#organization"},"potentialAction":[{"@type":"SearchAction","target":{"@type":"EntryPoint","urlTemplate":"https:\/\/rentacar-zurich.ch\/en\/?s={search_term_string}"},"query-input":{"@type":"PropertyValueSpecification","valueRequired":true,"valueName":"search_term_string"}}],"inLanguage":"en-US"},{"@type":"Organization","@id":"https:\/\/rentacar-zurich.ch\/en\/#organization","name":"Rent a Car Z\u00fcrich","url":"https:\/\/rentacar-zurich.ch\/en\/","logo":{"@type":"ImageObject","inLanguage":"en-US","@id":"https:\/\/rentacar-zurich.ch\/en\/#\/schema\/logo\/image\/","url":"https:\/\/rentacar-zurich.ch\/wp-content\/uploads\/2023\/05\/rentacar-zurich.png","contentUrl":"https:\/\/rentacar-zurich.ch\/wp-content\/uploads\/2023\/05\/rentacar-zurich.png","width":1659,"height":443,"caption":"Rent a Car Z\u00fcrich"},"image":{"@id":"https:\/\/rentacar-zurich.ch\/en\/#\/schema\/logo\/image\/"}}]}},"_links":{"self":[{"href":"https:\/\/rentacar-zurich.ch\/en\/wp-json\/wp\/v2\/pages\/2988","targetHints":{"allow":["GET"]}}],"collection":[{"href":"https:\/\/rentacar-zurich.ch\/en\/wp-json\/wp\/v2\/pages"}],"about":[{"href":"https:\/\/rentacar-zurich.ch\/en\/wp-json\/wp\/v2\/types\/page"}],"author":[{"embeddable":true,"href":"https:\/\/rentacar-zurich.ch\/en\/wp-json\/wp\/v2\/users\/1"}],"replies":[{"embeddable":true,"href":"https:\/\/rentacar-zurich.ch\/en\/wp-json\/wp\/v2\/comments?post=2988"}],"version-history":[{"count":2,"href":"https:\/\/rentacar-zurich.ch\/en\/wp-json\/wp\/v2\/pages\/2988\/revisions"}],"predecessor-version":[{"id":2990,"href":"https:\/\/rentacar-zurich.ch\/en\/wp-json\/wp\/v2\/pages\/2988\/revisions\/2990"}],"wp:attachment":[{"href":"https:\/\/rentacar-zurich.ch\/en\/wp-json\/wp\/v2\/media?parent=2988"}],"curies":[{"name":"wp","href":"https:\/\/api.w.org\/{rel}","templated":true}]}}