{"id":2637,"date":"2023-05-06T12:54:42","date_gmt":"2023-05-06T10:54:42","guid":{"rendered":"https:\/\/rentacar-zurich.ch\/?post_type=product&#038;p=2637"},"modified":"2023-05-12T09:51:00","modified_gmt":"2023-05-12T07:51:00","slug":"peugeot-308-2","status":"publish","type":"product","link":"https:\/\/rentacar-zurich.ch\/en\/fahrzeug\/peugeot-308-2\/","title":{"rendered":"Peugeot 308"},"content":{"rendered":"","protected":false},"excerpt":{"rendered":"<p>Unsere Mietwagen sind stets gepflegt und gut gewartet, damit Sie sicher und bequem ans Ziel kommen. Wir bieten flexible Mietzeiten und eine unkomplizierte Abwicklung, damit Sie schnell und einfach Ihren Mietwagen in Empfang nehmen k\u00f6nnen. Kontaktieren Sie uns einfach und wir finden gemeinsam das passende Fahrzeug f\u00fcr Ihre Bed\u00fcrfnisse.<\/p>\n","protected":false},"featured_media":2633,"comment_status":"open","ping_status":"closed","template":"","meta":{"_acf_changed":false},"product_brand":[],"product_cat":[80],"product_tag":[],"class_list":{"0":"post-2637","1":"product","2":"type-product","3":"status-publish","4":"has-post-thumbnail","6":"product_cat-alle-fahrzeuge","7":"pa_farbe-weiss","9":"first","10":"instock","11":"shipping-taxable","12":"product-type-simple"},"acf":[],"yoast_head":"<!-- This site is optimized with the Yoast SEO plugin v27.4 - https:\/\/yoast.com\/product\/yoast-seo-wordpress\/ -->\n<title>Peugeot 308 - Rent a Car Z\u00fcrich<\/title>\n<meta name=\"robots\" content=\"index, follow, max-snippet:-1, max-image-preview:large, max-video-preview:-1\" \/>\n<link rel=\"canonical\" href=\"https:\/\/rentacar-zurich.ch\/en\/fahrzeug\/peugeot-308-2\/\" \/>\n<meta property=\"og:locale\" content=\"en_US\" \/>\n<meta property=\"og:type\" content=\"article\" \/>\n<meta property=\"og:title\" content=\"Peugeot 308 - Rent a Car Z\u00fcrich\" \/>\n<meta property=\"og:description\" content=\"Unsere Mietwagen sind stets gepflegt und gut gewartet, damit Sie sicher und bequem ans Ziel kommen. Wir bieten flexible Mietzeiten und eine unkomplizierte Abwicklung, damit Sie schnell und einfach Ihren Mietwagen in Empfang nehmen k\u00f6nnen. Kontaktieren Sie uns einfach und wir finden gemeinsam das passende Fahrzeug f\u00fcr Ihre Bed\u00fcrfnisse.\" \/>\n<meta property=\"og:url\" content=\"https:\/\/rentacar-zurich.ch\/en\/fahrzeug\/peugeot-308-2\/\" \/>\n<meta property=\"og:site_name\" content=\"Rent a Car Z\u00fcrich\" \/>\n<meta property=\"article:modified_time\" content=\"2023-05-12T07:51:00+00:00\" \/>\n<meta property=\"og:image\" content=\"https:\/\/rentacar-zurich.ch\/wp-content\/uploads\/2023\/05\/peugeot1.jpg\" \/>\n\t<meta property=\"og:image:width\" content=\"650\" \/>\n\t<meta property=\"og:image:height\" content=\"337\" \/>\n\t<meta property=\"og:image:type\" content=\"image\/jpeg\" \/>\n<meta name=\"twitter:card\" content=\"summary_large_image\" \/>\n<script type=\"application\/ld+json\" class=\"yoast-schema-graph\">{\"@context\":\"https:\\\/\\\/schema.org\",\"@graph\":[{\"@type\":\"WebPage\",\"@id\":\"https:\\\/\\\/rentacar-zurich.ch\\\/en\\\/fahrzeug\\\/peugeot-308-2\\\/\",\"url\":\"https:\\\/\\\/rentacar-zurich.ch\\\/en\\\/fahrzeug\\\/peugeot-308-2\\\/\",\"name\":\"Peugeot 308 - Rent a Car Z\u00fcrich\",\"isPartOf\":{\"@id\":\"https:\\\/\\\/rentacar-zurich.ch\\\/en\\\/#website\"},\"primaryImageOfPage\":{\"@id\":\"https:\\\/\\\/rentacar-zurich.ch\\\/en\\\/fahrzeug\\\/peugeot-308-2\\\/#primaryimage\"},\"image\":{\"@id\":\"https:\\\/\\\/rentacar-zurich.ch\\\/en\\\/fahrzeug\\\/peugeot-308-2\\\/#primaryimage\"},\"thumbnailUrl\":\"https:\\\/\\\/rentacar-zurich.ch\\\/wp-content\\\/uploads\\\/2023\\\/05\\\/peugeot1.jpg\",\"datePublished\":\"2023-05-06T10:54:42+00:00\",\"dateModified\":\"2023-05-12T07:51:00+00:00\",\"breadcrumb\":{\"@id\":\"https:\\\/\\\/rentacar-zurich.ch\\\/en\\\/fahrzeug\\\/peugeot-308-2\\\/#breadcrumb\"},\"inLanguage\":\"en-US\",\"potentialAction\":[{\"@type\":\"ReadAction\",\"target\":[\"https:\\\/\\\/rentacar-zurich.ch\\\/en\\\/fahrzeug\\\/peugeot-308-2\\\/\"]}]},{\"@type\":\"ImageObject\",\"inLanguage\":\"en-US\",\"@id\":\"https:\\\/\\\/rentacar-zurich.ch\\\/en\\\/fahrzeug\\\/peugeot-308-2\\\/#primaryimage\",\"url\":\"https:\\\/\\\/rentacar-zurich.ch\\\/wp-content\\\/uploads\\\/2023\\\/05\\\/peugeot1.jpg\",\"contentUrl\":\"https:\\\/\\\/rentacar-zurich.ch\\\/wp-content\\\/uploads\\\/2023\\\/05\\\/peugeot1.jpg\",\"width\":650,\"height\":337},{\"@type\":\"BreadcrumbList\",\"@id\":\"https:\\\/\\\/rentacar-zurich.ch\\\/en\\\/fahrzeug\\\/peugeot-308-2\\\/#breadcrumb\",\"itemListElement\":[{\"@type\":\"ListItem\",\"position\":1,\"name\":\"Startseite\",\"item\":\"https:\\\/\\\/rentacar-zurich.ch\\\/en\\\/home\\\/\"},{\"@type\":\"ListItem\",\"position\":2,\"name\":\"Rent a car\",\"item\":\"https:\\\/\\\/rentacar-zurich.ch\\\/en\\\/shop\\\/\"},{\"@type\":\"ListItem\",\"position\":3,\"name\":\"Peugeot 308\"}]},{\"@type\":\"WebSite\",\"@id\":\"https:\\\/\\\/rentacar-zurich.ch\\\/en\\\/#website\",\"url\":\"https:\\\/\\\/rentacar-zurich.ch\\\/en\\\/\",\"name\":\"Rent a Car Z\u00fcrich\",\"description\":\"Die Z\u00fcricher Autovermietung Ihres Vertrauens\",\"publisher\":{\"@id\":\"https:\\\/\\\/rentacar-zurich.ch\\\/en\\\/#organization\"},\"potentialAction\":[{\"@type\":\"SearchAction\",\"target\":{\"@type\":\"EntryPoint\",\"urlTemplate\":\"https:\\\/\\\/rentacar-zurich.ch\\\/en\\\/?s={search_term_string}\"},\"query-input\":{\"@type\":\"PropertyValueSpecification\",\"valueRequired\":true,\"valueName\":\"search_term_string\"}}],\"inLanguage\":\"en-US\"},{\"@type\":\"Organization\",\"@id\":\"https:\\\/\\\/rentacar-zurich.ch\\\/en\\\/#organization\",\"name\":\"Rent a Car Z\u00fcrich\",\"url\":\"https:\\\/\\\/rentacar-zurich.ch\\\/en\\\/\",\"logo\":{\"@type\":\"ImageObject\",\"inLanguage\":\"en-US\",\"@id\":\"https:\\\/\\\/rentacar-zurich.ch\\\/en\\\/#\\\/schema\\\/logo\\\/image\\\/\",\"url\":\"https:\\\/\\\/rentacar-zurich.ch\\\/wp-content\\\/uploads\\\/2023\\\/05\\\/rentacar-zurich.png\",\"contentUrl\":\"https:\\\/\\\/rentacar-zurich.ch\\\/wp-content\\\/uploads\\\/2023\\\/05\\\/rentacar-zurich.png\",\"width\":1659,\"height\":443,\"caption\":\"Rent a Car Z\u00fcrich\"},\"image\":{\"@id\":\"https:\\\/\\\/rentacar-zurich.ch\\\/en\\\/#\\\/schema\\\/logo\\\/image\\\/\"}}]}<\/script>\n<!-- \/ Yoast SEO plugin. -->","yoast_head_json":{"title":"Peugeot 308 - Rent a Car Z\u00fcrich","robots":{"index":"index","follow":"follow","max-snippet":"max-snippet:-1","max-image-preview":"max-image-preview:large","max-video-preview":"max-video-preview:-1"},"canonical":"https:\/\/rentacar-zurich.ch\/en\/fahrzeug\/peugeot-308-2\/","og_locale":"en_US","og_type":"article","og_title":"Peugeot 308 - Rent a Car Z\u00fcrich","og_description":"Unsere Mietwagen sind stets gepflegt und gut gewartet, damit Sie sicher und bequem ans Ziel kommen. Wir bieten flexible Mietzeiten und eine unkomplizierte Abwicklung, damit Sie schnell und einfach Ihren Mietwagen in Empfang nehmen k\u00f6nnen. Kontaktieren Sie uns einfach und wir finden gemeinsam das passende Fahrzeug f\u00fcr Ihre Bed\u00fcrfnisse.","og_url":"https:\/\/rentacar-zurich.ch\/en\/fahrzeug\/peugeot-308-2\/","og_site_name":"Rent a Car Z\u00fcrich","article_modified_time":"2023-05-12T07:51:00+00:00","og_image":[{"width":650,"height":337,"url":"https:\/\/rentacar-zurich.ch\/wp-content\/uploads\/2023\/05\/peugeot1.jpg","type":"image\/jpeg"}],"twitter_card":"summary_large_image","schema":{"@context":"https:\/\/schema.org","@graph":[{"@type":"WebPage","@id":"https:\/\/rentacar-zurich.ch\/en\/fahrzeug\/peugeot-308-2\/","url":"https:\/\/rentacar-zurich.ch\/en\/fahrzeug\/peugeot-308-2\/","name":"Peugeot 308 - Rent a Car Z\u00fcrich","isPartOf":{"@id":"https:\/\/rentacar-zurich.ch\/en\/#website"},"primaryImageOfPage":{"@id":"https:\/\/rentacar-zurich.ch\/en\/fahrzeug\/peugeot-308-2\/#primaryimage"},"image":{"@id":"https:\/\/rentacar-zurich.ch\/en\/fahrzeug\/peugeot-308-2\/#primaryimage"},"thumbnailUrl":"https:\/\/rentacar-zurich.ch\/wp-content\/uploads\/2023\/05\/peugeot1.jpg","datePublished":"2023-05-06T10:54:42+00:00","dateModified":"2023-05-12T07:51:00+00:00","breadcrumb":{"@id":"https:\/\/rentacar-zurich.ch\/en\/fahrzeug\/peugeot-308-2\/#breadcrumb"},"inLanguage":"en-US","potentialAction":[{"@type":"ReadAction","target":["https:\/\/rentacar-zurich.ch\/en\/fahrzeug\/peugeot-308-2\/"]}]},{"@type":"ImageObject","inLanguage":"en-US","@id":"https:\/\/rentacar-zurich.ch\/en\/fahrzeug\/peugeot-308-2\/#primaryimage","url":"https:\/\/rentacar-zurich.ch\/wp-content\/uploads\/2023\/05\/peugeot1.jpg","contentUrl":"https:\/\/rentacar-zurich.ch\/wp-content\/uploads\/2023\/05\/peugeot1.jpg","width":650,"height":337},{"@type":"BreadcrumbList","@id":"https:\/\/rentacar-zurich.ch\/en\/fahrzeug\/peugeot-308-2\/#breadcrumb","itemListElement":[{"@type":"ListItem","position":1,"name":"Startseite","item":"https:\/\/rentacar-zurich.ch\/en\/home\/"},{"@type":"ListItem","position":2,"name":"Rent a car","item":"https:\/\/rentacar-zurich.ch\/en\/shop\/"},{"@type":"ListItem","position":3,"name":"Peugeot 308"}]},{"@type":"WebSite","@id":"https:\/\/rentacar-zurich.ch\/en\/#website","url":"https:\/\/rentacar-zurich.ch\/en\/","name":"Rent a Car Z\u00fcrich","description":"Die Z\u00fcricher Autovermietung Ihres Vertrauens","publisher":{"@id":"https:\/\/rentacar-zurich.ch\/en\/#organization"},"potentialAction":[{"@type":"SearchAction","target":{"@type":"EntryPoint","urlTemplate":"https:\/\/rentacar-zurich.ch\/en\/?s={search_term_string}"},"query-input":{"@type":"PropertyValueSpecification","valueRequired":true,"valueName":"search_term_string"}}],"inLanguage":"en-US"},{"@type":"Organization","@id":"https:\/\/rentacar-zurich.ch\/en\/#organization","name":"Rent a Car Z\u00fcrich","url":"https:\/\/rentacar-zurich.ch\/en\/","logo":{"@type":"ImageObject","inLanguage":"en-US","@id":"https:\/\/rentacar-zurich.ch\/en\/#\/schema\/logo\/image\/","url":"https:\/\/rentacar-zurich.ch\/wp-content\/uploads\/2023\/05\/rentacar-zurich.png","contentUrl":"https:\/\/rentacar-zurich.ch\/wp-content\/uploads\/2023\/05\/rentacar-zurich.png","width":1659,"height":443,"caption":"Rent a Car Z\u00fcrich"},"image":{"@id":"https:\/\/rentacar-zurich.ch\/en\/#\/schema\/logo\/image\/"}}]}},"_links":{"self":[{"href":"https:\/\/rentacar-zurich.ch\/en\/wp-json\/wp\/v2\/product\/2637","targetHints":{"allow":["GET"]}}],"collection":[{"href":"https:\/\/rentacar-zurich.ch\/en\/wp-json\/wp\/v2\/product"}],"about":[{"href":"https:\/\/rentacar-zurich.ch\/en\/wp-json\/wp\/v2\/types\/product"}],"replies":[{"embeddable":true,"href":"https:\/\/rentacar-zurich.ch\/en\/wp-json\/wp\/v2\/comments?post=2637"}],"wp:featuredmedia":[{"embeddable":true,"href":"https:\/\/rentacar-zurich.ch\/en\/wp-json\/wp\/v2\/media\/2633"}],"wp:attachment":[{"href":"https:\/\/rentacar-zurich.ch\/en\/wp-json\/wp\/v2\/media?parent=2637"}],"wp:term":[{"taxonomy":"product_brand","embeddable":true,"href":"https:\/\/rentacar-zurich.ch\/en\/wp-json\/wp\/v2\/product_brand?post=2637"},{"taxonomy":"product_cat","embeddable":true,"href":"https:\/\/rentacar-zurich.ch\/en\/wp-json\/wp\/v2\/product_cat?post=2637"},{"taxonomy":"product_tag","embeddable":true,"href":"https:\/\/rentacar-zurich.ch\/en\/wp-json\/wp\/v2\/product_tag?post=2637"}],"curies":[{"name":"wp","href":"https:\/\/api.w.org\/{rel}","templated":true}]}}